{"id":43,"date":"2021-10-16T23:43:05","date_gmt":"2021-10-16T23:43:05","guid":{"rendered":"https:\/\/rayuela.mx\/edgi\/?page_id=43"},"modified":"2022-03-09T22:41:39","modified_gmt":"2022-03-09T22:41:39","slug":"transtornos-alimenticios","status":"publish","type":"page","link":"https:\/\/comenzardenuevo.org\/edgi\/transtornos-alimenticios\/","title":{"rendered":"Trastornos de la Conducta Alimentaria"},"content":{"rendered":"<p>[vc_row][vc_column width=&#8221;2\/3&#8243;][vc_column_text]<\/p>\n<h4>\u00bfQu\u00e9 son los trastornos de la conducta alimentaria?<\/h4>\n<p>[\/vc_column_text][vc_column_text]Los trastornos de la conducta alimentaria son, una enfermedad mental compleja, que para algunos, puede llevar a tener debilidad y da\u00f1os f\u00edsicos permanentes, incluso la muerte <strong>1,2<\/strong>.<\/p>\n<p>Existen 3 tipos principales de trastornos de la conducta alimentaria: la anorexia nerviosa, la bulimia nerviosa y el trastorno por atrac\u00f3n <strong>3<\/strong>.[\/vc_column_text][vc_toggle title=&#8221;Anorexia Nerviosa&#8221;]<\/p>\n<ul>\n<li>La Anorexia Nerviosa se caracteriza por una restricci\u00f3n severa de la ingesta de alimentos, lo que resulta generalmente en una p\u00e9rdida de peso significativa, lo cual lo convierte en algo peligroso <strong>4<\/strong>.<\/li>\n<li>La Anorexia Nerviosa es un trastorno mental complejo y serio, que tiene m\u00faltiples s\u00edntomas psiqui\u00e1tricos y f\u00edsicos <strong>3<\/strong>.<\/li>\n<li>La edad de inicio de la Anorexia nerviosa tiende a ser entre la adolescencia temprana, pero puede ocurrir a cualquier edad, incluso durante la infancia <strong>5<\/strong>.<\/li>\n<li>De acuerdo a los criterios del Manual Diagn\u00f3stico y Estad\u00edstico de los Trastornos Mentales, Quinta Edici\u00f3n (DSM-5), para ser diagnosticado con anorexia nerviosa, una persona debe de tener lo siguiente<strong> 3<\/strong>:\n<ul>\n<li>Restricci\u00f3n del consumo energ\u00e9tico relativo a los requerimientos que conlleva a un peso corporal marcadamente bajo. Un peso marcadamente bajo es de\ufb01nido como un peso que es inferior al m\u00ednimo normal o, para ni\u00f1os y adolescentes, inferior a lo que m\u00ednimamente se espera para su edad y estatura.<\/li>\n<li>Miedo intenso a ganar peso o a convertirse en obeso, o una conducta persistente para evitar ganar peso, incluso estando por debajo del peso normal.<\/li>\n<li>Alteraci\u00f3n de la percepci\u00f3n del peso o la silueta corporales, exageraci\u00f3n de su importancia en la autoevaluaci\u00f3n o persistente negaci\u00f3n del peligro que comporta el bajo peso corporal actual.<\/li>\n<\/ul>\n<\/li>\n<li>Los factores que contribuyen al desarrollo de la Anorexia Nerviosa son complejos e incluyen un componente gen\u00e9tico fuerte <strong>6<\/strong>. Una predisposici\u00f3n gen\u00e9tica puede activarse mediante influencias ambientales, como las dietas restrictivas y\/o el ejercicio extremo <strong>7<\/strong>.<\/li>\n<li>Una personalidad perfeccionistas y el miedo al fracaso, as\u00ed como la baja autoestima y la evitaci\u00f3n emocional son rasgos comunes en aquellos que tienen Anorexia Nerviosa. <strong>8,9<\/strong><\/li>\n<\/ul>\n<p>[\/vc_toggle][vc_toggle title=&#8221;Bulimia Nerviosa&#8221;]<\/p>\n<ul>\n<li>La bulimia nerviosa se caracteriza por episodios recurrentes de atracones (consumo de cantidades inusualmente grandes de alimentos en un per\u00edodo de tiempo relativamente corto) .<strong>3<\/strong><\/li>\n<li>En la bulimia nerviosa, la edad de inicio es com\u00fanmente al final de la adolescencia y durante la adultez temprana.<\/li>\n<li>De acuerdo con los criterios del DSM-5, para ser diagnosticado con bulimia nerviosa, una persona debe mostrar: <strong>3<\/strong>\n<ul>\n<li>Episodios recurrentes de atracones, caracterizados por comer en un per\u00edodo de tiempo discreto y consumir cantidades mayores de alimentos de lo que la mayor\u00eda de la gente consumir\u00eda durante un per\u00edodo de tiempo similar y en circunstancias similares;<\/li>\n<li>Una sensaci\u00f3n de falta de control sobre la alimentaci\u00f3n (por ejemplo, una sensaci\u00f3n de que uno no puede dejar de comer o controlar qu\u00e9 o cu\u00e1nto consume);<\/li>\n<li>Comportamientos inapropiados recurrentes para compensar el consumo excesivo con el fin de prevenir el aumento de peso, como v\u00f3mitos autoinducidos, uso indebido de laxantes, diur\u00e9ticos u otros medicamentos, ayuno o ejercicio excesivo;<\/li>\n<li>Comportamientos compensatorios inapropiados y atracones que ocurren al menos una vez a la semana durante tres meses; y<\/li>\n<li>Autoevaluaci\u00f3n influenciada por la forma y el peso corporal.<\/li>\n<\/ul>\n<\/li>\n<li>Los atracones a menudo se contrarrestan con v\u00f3mitos autoinducidos, ayuno, ejercicio excesivo y \/ o uso indebido de laxantes, enemas o diur\u00e9ticos.<strong>10<\/strong> A menudo, van seguidos de sentimientos de culpa y verg\u00fcenza, acompa\u00f1ado por una sensaci\u00f3n de p\u00e9rdida de control.<\/li>\n<\/ul>\n<p>[\/vc_toggle][vc_toggle title=&#8221;Trastorno por Atrac\u00f3n&#8221;]<\/p>\n<ul>\n<li>El trastorno por atrac\u00f3n implica episodios de consumo de cantidades inusualmente grandes de alimentos junto con una sensaci\u00f3n de p\u00e9rdida de control sobre la alimentaci\u00f3n.<\/li>\n<li>De manera similar a la bulimia nerviosa, la edad de inicio del trastorno por atrac\u00f3n ocurre con mayor frecuencia en la adolescencia tard\u00eda y en la adultez temprana, y tiene una proporci\u00f3n de g\u00e9nero m\u00e1s uniforme que los otros trastornos alimentarios.<\/li>\n<li>Los episodios de atracones se asocian con tres (o m\u00e1s) de los siguientes: <strong>3<\/strong>\n<ul>\n<li>Comer mucho m\u00e1s r\u00e1pido de lo normal;<\/li>\n<li>Comer hasta sentirse inc\u00f3modamente lleno;<\/li>\n<li>Comer grandes cantidades de comida cuando no se siente f\u00edsicamente hambriento;<\/li>\n<li>Ingesta en soledad, por sentimientos de verg\u00fcenza asociados a la cantidad ingerida<\/li>\n<li>Sentirse disgustado con uno mismo, deprimido o muy culpable despu\u00e9s de comer en exceso.<\/li>\n<\/ul>\n<\/li>\n<li>Los sentimientos de culpa, disgusto y depresi\u00f3n suelen presentarse despu\u00e9s de un episodio de atrac\u00f3n. <strong>3,11<\/strong><\/li>\n<li>A diferencia de la bulimia nerviosa, el trastorno por atrac\u00f3n no implica comportamientos compensatorios regulares. Sin embargo, la enfermedad puede implicar ayunos espor\u00e1dicos y dietas ocasionales, as\u00ed como aumento de peso <strong>12<\/strong>.<\/li>\n<\/ul>\n<p>[\/vc_toggle][vc_column_text]<\/p>\n<h4>Otras preguntas comunes<\/h4>\n<p>[\/vc_column_text][vc_toggle title=&#8221;\u00bfCu\u00e1les son los signos y s\u00edntomas de los trastornos de la conducta alimentaria?&#8221;]Las personas que experimentan algunos trastornos alimentarios pueden tener una percepci\u00f3n inexacta del tama\u00f1o y la forma de su cuerpo e intentar controlar su peso y apariencia mediante una dieta excesiva, ejercicio y \/ o purgas.[\/vc_toggle][vc_toggle title=&#8221;\u00bfQu\u00e9 tan comunes son los trastornos de la conducta alimentaria?&#8221;]<\/p>\n<ul>\n<li>Casi 30 millones de estadounidenses presentan un trastorno alimentario en alg\u00fan momento de sus vidas.<strong>13<\/strong><\/li>\n<\/ul>\n<p>De manera preocupante, la prevalencia de los trastornos alimentarios parece estar en aumento, y la prevalencia promedio de los trastornos alimentarios se ha m\u00e1s que duplicado, del 3,5% al \u200b\u200b7,8% entre 2000 y 2018 <strong>14<\/strong>.<br \/>\nSe estima que la prevalencia de anorexia nerviosa y conductas relacionadas, en los Estados Unidos afecta al 0,9% de mujeres y al 0,3% de hombres.<strong>15<\/strong><br \/>\nSe estima que la bulimia nerviosa afecta al 1,5% de mujeres y al 0,5% de hombres en los Estados Unidos.<strong>15<\/strong><br \/>\nEl trastorno por atrac\u00f3n, siento el trastorno alimentario m\u00e1s com\u00fan, se estima que el 3,5% de las mujeres y el 2% de los hombres en los Estados Unidos.<strong>15<\/strong>[\/vc_toggle][vc_toggle title=&#8221;\u00bfCu\u00e1l es el impacto de los trastornos de la conducta alimentaria?&#8221;]Los trastornos alimentarios causan angustia significativa en la vida de un individuo, su familia, cuidadores, socios y amigos.<strong>13<\/strong><\/p>\n<p>Las complicaciones m\u00e9dicas de los trastornos alimentarios incluyen complicaciones card\u00edacas (coraz\u00f3n), problemas gastrointestinales, osteoporosis, deterioro cognitivo y retraso del crecimiento <strong>16<\/strong>,<strong>17<\/strong>.[\/vc_toggle][vc_toggle title=&#8221;\u00bfCu\u00e1l es el impacto de los trastornos de la conducta alimentaria?&#8221;]Muchos factores influyen en los trastornos alimentarios, incluida la gen\u00e9tica, las diferentes etapas del desarrollo (incluida la pubertad, el parto y la menopausia), los estilos de pensamiento (como el perfeccionismo), la insatisfacci\u00f3n corporal y las presiones socioculturales para adelgazar.<strong>18<\/strong><br \/>\nAunque los factores sociales y culturales juegan un papel importante, la investigaci\u00f3n gen\u00e9tica reciente, revela una relaci\u00f3n sustancial en los trastornos alimentarios.<strong>19<\/strong> Por el otro lado, el medio ambiente tambi\u00e9n es importante, ya que las actitudes sociales hacia la delgadez pueden fomentar comportamientos que desencadenan estos trastornos.<strong>9<\/strong><br \/>\nLos resultados de diferentes estudios, indican que los trastornos alimentarios son hereditarios.<strong>20<\/strong><br \/>\nLa gen\u00e9tica representa el 40-60 por ciento de la variabilidad en los trastornos alimentarios, dejando que la variabilidad restante sea influenciada por factores ambientales.<strong>20<\/strong>[\/vc_toggle][vc_separator color=&#8221;purple&#8221;][vc_toggle title=&#8221;Referencias&#8221;]<\/p>\n<ul>\n<li><em>National Institute of Mental Health. Eating Disorders: About More Than Food. 2018 [cited Aug, 2020]; Available from: <a href=\"https:\/\/www.nimh.nih.gov\/health\/publications\/eating-disorders\/index.shtml\">https:\/\/www.nimh.nih.gov\/health\/publications\/eating-disorders\/index.shtml<\/a>.<\/em><\/li>\n<li><em>Fichter, M.M., et al., Long-term outcome of anorexia nervosa: Results from a large clinical longitudinal study. Int J Eat Disord, 2017. 50(9): p. 1018-1030.<\/em><\/li>\n<li><em>American Psychiatric Association, Diagnostic and Statistical Manual of Mental Disorders: Diagnostic and Statistical Manual of Mental Disorders. Fifth Edition ed. 2013.<\/em><\/li>\n<li><em>Zipfel, S., et al., Anorexia nervosa: aetiology, assessment, and treatment. Lancet Psychiatry, 2015. 2(12): p. 1099-111.<\/em><\/li>\n<li><em>Treasure, J., et al., Anorexia nervosa. Nat Rev Dis Primers, 2015. 1: p. 15074.<\/em><\/li>\n<li><em>Watson, H.J., et al., Genome-wide association study identifies eight risk loci and implicates metabo-psychiatric origins for anorexia nervosa. Nature Genetics, 2019. 51(8): p. 1207-1214.<\/em><\/li>\n<li><em>Bulik, C.M., Towards a science of eating disorders: Replacing myths with realities: The fourth Birgit Olsson lecture. Nord J Psychiatry, 2016(70): p. 224-30.<\/em><\/li>\n<li><em>Bulik, C., et al., The Relation Between Eating Disorders and Components of Perfectionism. The American journal of psychiatry, 2003. 160: p. 366-8.<\/em><\/li>\n<li><em>Culbert, K.M., S.E. Racine, and K.L. Klump, Research Review: What we have learned about the causes of eating disorders &#8211; a synthesis of sociocultural, psychological, and biological research. J Child Psychol Psychiatry, 2015. 56(11): p. 1141-64.<\/em><\/li>\n<li><em>Fairburn, C.G. and P.J. Harrison, Eating disorders. Lancet, 2003. 361(9355): p. 407-16.<\/em><\/li>\n<li><em>Dingemans, A., U. Danner, and M. Parks, Emotion Regulation in Binge Eating Disorder: A Review. Nutrients, 2017. 9(11).<\/em><\/li>\n<li><em>Kessler, R.C., et al., The prevalence and correlates of binge eating disorder in the World Health Organization World Mental Health Surveys. Biol Psychiatry, 2013. 73(9): p. 904-14.<\/em><\/li>\n<li><em>Deloitte, Social and economic cost of eating disorders in the United States of America. 2020.<\/em><\/li>\n<li><em>Galmiche, M., et al., Prevalence of eating disorders over the 2000\u20132018 period: a systematic literature review. The American Journal of Clinical Nutrition, 2019. 109(5): p. 1402-1413.<\/em><\/li>\n<li><em>Hudson, J.I., et al., The prevalence and correlates of eating disorders in the National Comorbidity Survey Replication. Biological psychiatry, 2007. 61(3): p. 348-358.<\/em><\/li>\n<li><em>Mehler, P.S. and C. Brown, Anorexia nervosa &#8211; medical complications. J Eat Disord, 2015. 3: p. 11.<\/em><\/li>\n<li><em>Mehler, P.S. and M. Rylander, Bulimia Nervosa &#8211; medical complications. J Eat Disord, 2015. 3: p. 12.<\/em><\/li>\n<li><em>Striegel-Moore, R.H. and C.M. Bulik, Risk factors for eating disorders. Am Psychol, 2007. 62(3): p. 181-98.<\/em><\/li>\n<li><em>Bulik, C.M., et al., Reconceptualizing anorexia nervosa. Psychiatry Clin Neurosci, 2019. 73(9): p. 518-525.<\/em><\/li>\n<li><em>Yilmaz, Z., J.A. Hardaway, and C.M. Bulik, Genetics and epigenetics of eating disorders. Adv Genom Genet, 2015. 5: p. 131-150.<\/em><\/li>\n<\/ul>\n<p>[\/vc_toggle][\/vc_column][vc_column width=&#8221;1\/3&#8243;][vc_single_image image=&#8221;142&#8243; img_size=&#8221;380&#215;380&#8243;][vc_single_image image=&#8221;91&#8243; img_size=&#8221;380&#215;380&#8243;][\/vc_column][\/vc_row]<\/p>\n","protected":false},"excerpt":{"rendered":"<p>[vc_row][vc_column width=&#8221;2\/3&#8243;][vc_column_text] \u00bfQu\u00e9 son los trastornos de la conducta alimentaria? [\/vc_column_text][vc_column_text]Los trastornos de la conducta alimentaria son, una enfermedad mental&#8230;<\/p>\n","protected":false},"author":1,"featured_media":0,"parent":0,"menu_order":0,"comment_status":"closed","ping_status":"closed","template":"","meta":{"footnotes":""},"class_list":["post-43","page","type-page","status-publish"],"_links":{"self":[{"href":"https:\/\/comenzardenuevo.org\/edgi\/wp-json\/wp\/v2\/pages\/43","targetHints":{"allow":["GET"]}}],"collection":[{"href":"https:\/\/comenzardenuevo.org\/edgi\/wp-json\/wp\/v2\/pages"}],"about":[{"href":"https:\/\/comenzardenuevo.org\/edgi\/wp-json\/wp\/v2\/types\/page"}],"author":[{"embeddable":true,"href":"https:\/\/comenzardenuevo.org\/edgi\/wp-json\/wp\/v2\/users\/1"}],"replies":[{"embeddable":true,"href":"https:\/\/comenzardenuevo.org\/edgi\/wp-json\/wp\/v2\/comments?post=43"}],"version-history":[{"count":17,"href":"https:\/\/comenzardenuevo.org\/edgi\/wp-json\/wp\/v2\/pages\/43\/revisions"}],"predecessor-version":[{"id":231,"href":"https:\/\/comenzardenuevo.org\/edgi\/wp-json\/wp\/v2\/pages\/43\/revisions\/231"}],"wp:attachment":[{"href":"https:\/\/comenzardenuevo.org\/edgi\/wp-json\/wp\/v2\/media?parent=43"}],"curies":[{"name":"wp","href":"https:\/\/api.w.org\/{rel}","templated":true}]}}