{"id":41,"date":"2021-10-16T23:42:28","date_gmt":"2021-10-16T23:42:28","guid":{"rendered":"https:\/\/rayuela.mx\/edgi\/?page_id=41"},"modified":"2022-03-09T22:39:38","modified_gmt":"2022-03-09T22:39:38","slug":"faqs","status":"publish","type":"page","link":"https:\/\/comenzardenuevo.org\/edgi\/faqs\/","title":{"rendered":"FAQ&#8217;S"},"content":{"rendered":"<p>[vc_row][vc_column width=&#8221;2\/3&#8243;][vc_column_text]<\/p>\n<h4>Sobre EDGI<\/h4>\n<p>[\/vc_column_text][vc_toggle title=&#8221;\u00bfQu\u00e9 es la Iniciativa Gen\u00e9tica de los Trastornos de la Conducta Alimentaria, por sus siglas en ingl\u00e9s (EDGI)?&#8221;]EDGI es un estudio de investigaci\u00f3n extenso para cualquier persona que haya padecido o sospeche que presenta alg\u00fan Trastorno de la Conducta Alimentaria. El estudio se basa en investigar la influencia que tienen los genes en el desarrollo de la Anorexia Nerviosa, Bulimia Nerviosa y Trastorno por Atrac\u00f3n.[\/vc_toggle][vc_column_text]<\/p>\n<h4>\u00bfSoy elegible para participar?<\/h4>\n<p>[\/vc_column_text][vc_toggle title=&#8221;\u00bfPuedo ser parte, s\u00ed nunca he tenido un diagn\u00f3stico o tratamiento?&#8221;]S\u00ed, aunque nunca haya recibido un diagn\u00f3stico o recibido tratamiento puede ser parte del proyecto. De hecho, mucha gente con trastornos alimentarios nunca recibe un diagn\u00f3stico formal o tratamiento para el mismo. El cuestionario est\u00e1 dise\u00f1ado para evaluar su admisi\u00f3n de acuerdo con sus respuestas al cuestionario. Es importante mencionar que el cuestionario no le va a dar un diagn\u00f3stico, solo nos dice si usted cumple los criterios que tenemos para poder participar en EDGI M\u00e9xico.<\/p>\n<p>Si est\u00e1 interesado, recomendamos completar nuestro cuestionario, y si llega a ser seleccionado lo contactaremos.[\/vc_toggle][vc_toggle title=&#8221;Soy menor de 18 a\u00f1os. \u00bfPuedo unirme al estudio?&#8221;]Gracias por su inter\u00e9s en EDGI M\u00e9xico. Por el momento, cualquier persona menor de 18 a\u00f1os no puede participar en el EDGI M\u00e9xico. Esperamos eventualmente ser capaces de incluir personas entre las edades de 15 a 17 a\u00f1os en la participaci\u00f3n del estudio. Si usted se encuentra dentro de este \u00faltimo rango de edades, si\u00e9ntase en la libertad de visitar nuestro sitio web frecuentemente.<\/p>\n<p>Si est\u00e1 interesado, recomendamos completar nuestro cuestionario, y si llega a ser seleccionado lo contactaremos.[\/vc_toggle][vc_toggle title=&#8221;\u00bfPuedo formar parte de EDGI si no vivo en M\u00e9xico?&#8221;]V\u00eda este sitio web, s\u00f3lo se puede participar si est\u00e1 dentro del territorio mexicano. Sin embargo, muchos otros pa\u00edses est\u00e1n participando en este proyecto. Haz <a href=\"https:\/\/edgi.org\/international-sites\/\">clic aqu\u00ed<\/a> para ver si hay un sitio web de EDGI en tu pa\u00eds de origen.<\/p>\n<p>Por favor contacta a nuestro equipo de estudio si tiene alguna pregunta sobre su elecci\u00f3n.[\/vc_toggle][vc_column_text]<\/p>\n<h4>Mi informaci\u00f3n<\/h4>\n<p>[\/vc_column_text][vc_toggle title=&#8221;\u00bfC\u00f3mo usar\u00e1n el cuestionario, muestras biol\u00f3gicas y gen\u00e9ticas, e informaci\u00f3n que comparta contigo?&#8221;]Para poder ayudarnos a entender los factores que contribuyen al desarrollo de los trastornos alimentarios, vamos a extractar ADN (material gen\u00e9tico) que obtendremos por medio de su muestra de saliva. Despu\u00e9s, vamos a darle un genotipo a su muestra y combinar sus datos junto con los de m\u00e1s de mil personas con trastornos alimentarios. Compararemos los genotipos de gente con y sin trastornos alimentarios para ver donde se localizan las diferencias. Estas diferencias son indicios sobre los genes que causan los trastornos alimentarios. Usando muchos otros tipos de t\u00e9cnicas de an\u00e1lisis, podremos descubrir m\u00e1s sobre las variantes gen\u00e9ticas que influencian el desarrollo de los trastornos alimentarios.<\/p>\n<p>Los datos del cuestionario nos ayudar\u00e1n a ver una imagen m\u00e1s completa de su trastorno alimentario adem\u00e1s de cualquier s\u00edntoma como la depresi\u00f3n y ansiedad. Combinando los datos gen\u00e9ticos con los datos del cuestionario, podremos hacer preguntas importantes sobre c\u00f3mo los genes influyen en la naturaleza de su enfermedad.<\/p>\n<p>Tambi\u00e9n le preguntaremos si est\u00e1n c\u00f3modos siendo contactados en un futuro en dado caso de que se lleve a cabo la realizaci\u00f3n de diferentes estudios al igual que de nuevas tecnolog\u00edas y nueva informaci\u00f3n. Si est\u00e1 dispuesto, nos gustar\u00eda contactarlo de nuevo para que pueda ser part\u00edcipe de dicho proceso.[\/vc_toggle][vc_toggle title=&#8221;\u00bfC\u00f3mo es que la informaci\u00f3n que les brinde es confidencial?&#8221;]Nuestra mayor prioridad es asegurarnos que su informaci\u00f3n sea confidencial. Hay un n\u00famero de regulaciones federales y pol\u00edticas de EDGI M\u00e9xico que deben ser cumplidas para asegurar que la informaci\u00f3n que se recabe sea protegida, igualmente las muestras biol\u00f3gicas est\u00e1n guardadas con la seguridad necesaria. Sus datos y muestras se convierten en parte del repositorio nacional que est\u00e1 bajo la supervisi\u00f3n del Instituto Nacional de la Salud donde ser\u00e1n desidentificados cuando sean enviados y analizados. Su forma de consentimiento incluye informaci\u00f3n extensiva sobre c\u00f3mo sus datos al igual que sus muestras ser\u00e1n guardadas confidencialmente. Si en cualquier punto tiene preguntas sobre la confidencialidad de su informaci\u00f3n, por favor si\u00e9ntase en la libertad de contactar el equipo de EDGI M\u00e9xico. Nos puede mandar un correo electr\u00f3nico a <a href=\"mailto:edgi.mx@comenzardenuevo.net\">edgi.mx@comenzardenuevo.net<\/a>.[\/vc_toggle][vc_column_text]<\/p>\n<h4>Mi informaci\u00f3n gen\u00e9tica<\/h4>\n<p>[\/vc_column_text][vc_toggle title=&#8221;\u00bfQui\u00e9n va a mantener mi muestra?&#8221;]Las muestras ser\u00e1n mantenidas inicialmente en Comenzar de Nuevo (Monterrey), y despu\u00e9s ser\u00e1n enviadas a la Universidad de North Carolina en Chapel Hill. Es importante recalcar que se mantendr\u00e1 su identidad confidencial y que solamente los miembros de EDGI M\u00e9xico podr\u00e1n identificarlo.[\/vc_toggle][\/vc_column][vc_column width=&#8221;1\/3&#8243;][vc_single_image image=&#8221;129&#8243; img_size=&#8221;380&#215;380&#8243;][vc_single_image image=&#8221;128&#8243; img_size=&#8221;380&#215;380&#8243;][vc_single_image image=&#8221;127&#8243; img_size=&#8221;380&#215;380&#8243;][\/vc_column][\/vc_row]<\/p>\n","protected":false},"excerpt":{"rendered":"<p>[vc_row][vc_column width=&#8221;2\/3&#8243;][vc_column_text] Sobre EDGI [\/vc_column_text][vc_toggle title=&#8221;\u00bfQu\u00e9 es la Iniciativa Gen\u00e9tica de los Trastornos de la Conducta Alimentaria, por sus siglas&#8230;<\/p>\n","protected":false},"author":1,"featured_media":0,"parent":0,"menu_order":0,"comment_status":"closed","ping_status":"closed","template":"","meta":{"footnotes":""},"class_list":["post-41","page","type-page","status-publish"],"_links":{"self":[{"href":"https:\/\/comenzardenuevo.org\/edgi\/wp-json\/wp\/v2\/pages\/41","targetHints":{"allow":["GET"]}}],"collection":[{"href":"https:\/\/comenzardenuevo.org\/edgi\/wp-json\/wp\/v2\/pages"}],"about":[{"href":"https:\/\/comenzardenuevo.org\/edgi\/wp-json\/wp\/v2\/types\/page"}],"author":[{"embeddable":true,"href":"https:\/\/comenzardenuevo.org\/edgi\/wp-json\/wp\/v2\/users\/1"}],"replies":[{"embeddable":true,"href":"https:\/\/comenzardenuevo.org\/edgi\/wp-json\/wp\/v2\/comments?post=41"}],"version-history":[{"count":5,"href":"https:\/\/comenzardenuevo.org\/edgi\/wp-json\/wp\/v2\/pages\/41\/revisions"}],"predecessor-version":[{"id":191,"href":"https:\/\/comenzardenuevo.org\/edgi\/wp-json\/wp\/v2\/pages\/41\/revisions\/191"}],"wp:attachment":[{"href":"https:\/\/comenzardenuevo.org\/edgi\/wp-json\/wp\/v2\/media?parent=41"}],"curies":[{"name":"wp","href":"https:\/\/api.w.org\/{rel}","templated":true}]}}