{"id":39,"date":"2021-10-16T23:42:14","date_gmt":"2021-10-16T23:42:14","guid":{"rendered":"https:\/\/rayuela.mx\/edgi\/?page_id=39"},"modified":"2022-03-09T22:36:59","modified_gmt":"2022-03-09T22:36:59","slug":"sobre-edgi","status":"publish","type":"page","link":"https:\/\/comenzardenuevo.org\/edgi\/sobre-edgi\/","title":{"rendered":"Sobre EDGI"},"content":{"rendered":"<p>[vc_row css=&#8221;.vc_custom_1635181763976{padding-top: 50px !important;}&#8221;][vc_column width=&#8221;1\/2&#8243;][vc_custom_heading text=&#8221;Sobre EDGI&#8221; font_container=&#8221;tag:h2|text_align:left|color:%237a5685&#8243; google_fonts=&#8221;font_family:Montserrat%3Aregular%2C700|font_style:700%20bold%20regular%3A700%3Anormal&#8221; css=&#8221;.vc_custom_1635181612594{padding-top: 50px !important;padding-bottom: 0px !important;}&#8221;][vc_column_text css=&#8221;.vc_custom_1641594352684{margin-top: -25px !important;}&#8221;]La Iniciativa Gen\u00e9tica de los Trastornos de la Conducta Alimentaria, por sus siglas en ingl\u00e9s, EDGI, es el estudio gen\u00e9tico m\u00e1s grande en este campo. Si usted ha padecido Anorexia Nerviosa, Bulimia Nerviosa o Trastorno por Atrac\u00f3n en alg\u00fan momento de su vida, lo invitamos a contestar nuestra encuesta. Si usted est\u00e1 fuera de M\u00e9xico o no es mexicano, haga <a href=\"https:\/\/edgi.org\/international-sites\/\">click aqu\u00ed<\/a> para ver si existe alg\u00fan sitio de EDGI en su pa\u00eds.[\/vc_column_text][\/vc_column][vc_column width=&#8221;1\/2&#8243;][vc_single_image image=&#8221;91&#8243; img_size=&#8221;507&#215;507&#8243;][\/vc_column][\/vc_row]<\/p>\n","protected":false},"excerpt":{"rendered":"<p>[vc_row css=&#8221;.vc_custom_1635181763976{padding-top: 50px !important;}&#8221;][vc_column width=&#8221;1\/2&#8243;][vc_custom_heading text=&#8221;Sobre EDGI&#8221; font_container=&#8221;tag:h2|text_align:left|color:%237a5685&#8243; google_fonts=&#8221;font_family:Montserrat%3Aregular%2C700|font_style:700%20bold%20regular%3A700%3Anormal&#8221; css=&#8221;.vc_custom_1635181612594{padding-top: 50px !important;padding-bottom: 0px !important;}&#8221;][vc_column_text css=&#8221;.vc_custom_1641594352684{margin-top: -25px !important;}&#8221;]La Iniciativa Gen\u00e9tica de&#8230;<\/p>\n","protected":false},"author":1,"featured_media":0,"parent":0,"menu_order":0,"comment_status":"closed","ping_status":"closed","template":"","meta":{"footnotes":""},"class_list":["post-39","page","type-page","status-publish"],"_links":{"self":[{"href":"https:\/\/comenzardenuevo.org\/edgi\/wp-json\/wp\/v2\/pages\/39","targetHints":{"allow":["GET"]}}],"collection":[{"href":"https:\/\/comenzardenuevo.org\/edgi\/wp-json\/wp\/v2\/pages"}],"about":[{"href":"https:\/\/comenzardenuevo.org\/edgi\/wp-json\/wp\/v2\/types\/page"}],"author":[{"embeddable":true,"href":"https:\/\/comenzardenuevo.org\/edgi\/wp-json\/wp\/v2\/users\/1"}],"replies":[{"embeddable":true,"href":"https:\/\/comenzardenuevo.org\/edgi\/wp-json\/wp\/v2\/comments?post=39"}],"version-history":[{"count":14,"href":"https:\/\/comenzardenuevo.org\/edgi\/wp-json\/wp\/v2\/pages\/39\/revisions"}],"predecessor-version":[{"id":262,"href":"https:\/\/comenzardenuevo.org\/edgi\/wp-json\/wp\/v2\/pages\/39\/revisions\/262"}],"wp:attachment":[{"href":"https:\/\/comenzardenuevo.org\/edgi\/wp-json\/wp\/v2\/media?parent=39"}],"curies":[{"name":"wp","href":"https:\/\/api.w.org\/{rel}","templated":true}]}}