{"id":174,"date":"2021-10-26T17:38:16","date_gmt":"2021-10-26T17:38:16","guid":{"rendered":"https:\/\/rayuela.mx\/edgi\/?page_id=174"},"modified":"2022-03-09T22:44:32","modified_gmt":"2022-03-09T22:44:32","slug":"blog","status":"publish","type":"page","link":"https:\/\/comenzardenuevo.org\/edgi\/blog\/","title":{"rendered":"Blog"},"content":{"rendered":"<p>[vc_row][vc_column]<div class=\"blog blog-style-justified-3x justified-style-2 inline-row clearfix item-animation-move-up\" data-next-page=\"0\">\n<article id=\"post-169\" class=\"col-lg-4 col-md-4 col-sm-6 col-xs-6 inline-column item-animations-not-inited post-169 post type-post status-publish format-standard has-post-thumbnail category-testimoniales\"> <div class=\"post-content-wrapper\" style=\"border-color: #d1d1d1;\"> <div class=\"post-image\"><div class=\"post-featured-content\"><a href=\"https:\/\/comenzardenuevo.org\/edgi\/2021\/10\/26\/historia-de-bertha\/\"> <picture> <source srcset=\"https:\/\/comenzardenuevo.org\/edgi\/wp-content\/uploads\/2021\/10\/brooke-cagle-NoRsyXmHGpI-unsplash-2048x1252-1-thegem-blog-justified.jpg 1x, https:\/\/comenzardenuevo.org\/edgi\/wp-content\/uploads\/2021\/10\/brooke-cagle-NoRsyXmHGpI-unsplash-2048x1252-1-thegem-blog-justified.jpg 2x\" media=\"(max-width: 992px)\" sizes=\"100vw\"> <source srcset=\"https:\/\/comenzardenuevo.org\/edgi\/wp-content\/uploads\/2021\/10\/brooke-cagle-NoRsyXmHGpI-unsplash-2048x1252-1-thegem-blog-justified-3x-small.jpg 1x, https:\/\/comenzardenuevo.org\/edgi\/wp-content\/uploads\/2021\/10\/brooke-cagle-NoRsyXmHGpI-unsplash-2048x1252-1-thegem-blog-justified.jpg 2x\" media=\"(max-width: 1100px)\" sizes=\"100vw\"> <source srcset=\"https:\/\/comenzardenuevo.org\/edgi\/wp-content\/uploads\/2021\/10\/brooke-cagle-NoRsyXmHGpI-unsplash-2048x1252-1-thegem-blog-justified-3x.jpg 1x, https:\/\/comenzardenuevo.org\/edgi\/wp-content\/uploads\/2021\/10\/brooke-cagle-NoRsyXmHGpI-unsplash-2048x1252-1-thegem-blog-justified.jpg 2x\" media=\"(max-width: 1920px)\" sizes=\"100vw\"> <img decoding=\"async\" src=\"https:\/\/comenzardenuevo.org\/edgi\/wp-content\/uploads\/2021\/10\/brooke-cagle-NoRsyXmHGpI-unsplash-2048x1252-1-thegem-blog-justified.jpg\" width=\"640\" height=\"480\" class=\"img-responsive\" alt=\"brooke-cagle-NoRsyXmHGpI-unsplash-2048x1252\" \/> <\/picture> <\/a><\/div><\/div> <div class=\"description\"> <div class=\"post-meta-conteiner\"> <div class=\"post-meta-right\"> <span class=\"comments-link\"><a href=\"https:\/\/comenzardenuevo.org\/edgi\/2021\/10\/26\/historia-de-bertha\/#respond\">0<\/a><\/span> <span class=\"post-meta-likes\"><a href=\"#\" class=\"zilla-likes\" id=\"zilla-likes-169\" title=\"Like this\"><span class=\"zilla-likes-count\">0<\/span> <span class=\"zilla-likes-postfix\"><\/span><\/a><\/span> <\/div> <\/div> <div class=\"post-title\"> <div class=\"entry-title title-h4\"><a href=\"https:\/\/comenzardenuevo.org\/edgi\/2021\/10\/26\/historia-de-bertha\/\" rel=\"bookmark\">26 Oct: <span class=\"light\">Historia de Bertha<\/span><\/a><\/div> <\/div> <div class=\"post-text\" style=\"color: #d1d1d1\"> <div class=\"summary\"> <p>[vc_row][vc_column][vc_column_text] Bertha Querida Anorexia: no tengo palabras para agradecerte por todo los aprendizajes que has puesto en mi camino. Al&#8230;<\/p> <\/div> <\/div> <div class=\"info clearfix\"> <div class=\"post-footer-sharing\"><div class=\"gem-button-container gem-button-position-inline thegem-button-69d98934866783520\" ><a class=\"gem-button gem-button-size-tiny gem-button-style-flat gem-button-text-weight-normal gem-button-empty\"data-ll-effect=\"drop-right-without-wrap\" style=\"border-radius: 3px;\" onmouseleave=\"\" onmouseenter=\"\" href=\"#\" target=\"_self\"><i class=\"gem-print-icon gem-icon-pack-thegem-icons gem-icon-share \"><\/i><\/a><\/div> <div class=\"sharing-popup\"> <div class=\"socials-sharing socials socials-colored-hover\"> <a class=\"socials-item\" target=\"_blank\" href=\"https:\/\/www.facebook.com\/sharer\/sharer.php?u=https%3A%2F%2Fcomenzardenuevo.org%2Fedgi%2F2021%2F10%2F26%2Fhistoria-de-bertha%2F\" title=\"Facebook\"><i class=\"socials-item-icon facebook\"><\/i><\/a> <a class=\"socials-item\" target=\"_blank\" href=\"https:\/\/twitter.com\/intent\/tweet?text=Historia+de+Bertha&#038;url=https%3A%2F%2Fcomenzardenuevo.org%2Fedgi%2F2021%2F10%2F26%2Fhistoria-de-bertha%2F\" title=\"Twitter\"><i class=\"socials-item-icon twitter\"><\/i><\/a> <a class=\"socials-item\" target=\"_blank\" href=\"https:\/\/pinterest.com\/pin\/create\/button\/?url=https%3A%2F%2Fcomenzardenuevo.org%2Fedgi%2F2021%2F10%2F26%2Fhistoria-de-bertha%2F&#038;description=Historia+de+Bertha&#038;media=https%3A%2F%2Fcomenzardenuevo.org%2Fedgi%2Fwp-content%2Fuploads%2F2021%2F10%2Fbrooke-cagle-NoRsyXmHGpI-unsplash-2048x1252-1-thegem-blog-timeline-large.jpg\" title=\"Pinterest\"><i class=\"socials-item-icon pinterest\"><\/i><\/a> <a class=\"socials-item\" target=\"_blank\" href=\"http:\/\/tumblr.com\/widgets\/share\/tool?canonicalUrl=https%3A%2F%2Fcomenzardenuevo.org%2Fedgi%2F2021%2F10%2F26%2Fhistoria-de-bertha%2F\" title=\"Tumblr\"><i class=\"socials-item-icon tumblr\"><\/i><\/a> <a class=\"socials-item\" target=\"_blank\" href=\"https:\/\/www.linkedin.com\/shareArticle?mini=true&#038;url=https%3A%2F%2Fcomenzardenuevo.org%2Fedgi%2F2021%2F10%2F26%2Fhistoria-de-bertha%2F&#038;title=Historia+de+Bertha&amp;summary=%5Bvc_row%5D%5Bvc_column%5D%5Bvc_column_text%5D+Bertha+Querida+Anorexia%3A+no+tengo+palabras+para+agradecerte+por+todo+los+aprendizajes+que+has+puesto+en+mi+camino.+Al...\" title=\"LinkedIn\"><i class=\"socials-item-icon linkedin\"><\/i><\/a> <a class=\"socials-item\" target=\"_blank\" href=\"https:\/\/www.reddit.com\/submit?url=https%3A%2F%2Fcomenzardenuevo.org%2Fedgi%2F2021%2F10%2F26%2Fhistoria-de-bertha%2F&#038;title=Historia+de+Bertha\" title=\"Reddit\"><i class=\"socials-item-icon reddit\"><\/i><\/a> <\/div> <svg class=\"sharing-styled-arrow\"><use xlink:href=\"https:\/\/comenzardenuevo.org\/edgi\/wp-content\/themes\/thegem\/css\/post-arrow.svg#dec-post-arrow\"><\/use><\/svg><\/div><\/div> <div class=\"post-read-more\"><div class=\"gem-button-container gem-button-position-inline thegem-button-69d9893486c6d8211\" ><a class=\"gem-button gem-button-size-tiny gem-button-style-outline gem-button-text-weight-normal gem-button-border-2\"data-ll-effect=\"drop-right-without-wrap\" style=\"border-radius: 3px;\" onmouseleave=\"\" onmouseenter=\"\" href=\"https:\/\/comenzardenuevo.org\/edgi\/2021\/10\/26\/historia-de-bertha\/\" target=\"_self\">Read More<\/a><\/div> <\/div> <\/div> <\/div> <\/div>\n<\/article> <article id=\"post-166\" class=\"col-lg-4 col-md-4 col-sm-6 col-xs-6 inline-column item-animations-not-inited post-166 post type-post status-publish format-standard has-post-thumbnail category-testimoniales\"> <div class=\"post-content-wrapper\" style=\"border-color: #d1d1d1;\"> <div class=\"post-image\"><div class=\"post-featured-content\"><a href=\"https:\/\/comenzardenuevo.org\/edgi\/2021\/10\/26\/historia-de-claudia\/\"> <picture> <source srcset=\"https:\/\/comenzardenuevo.org\/edgi\/wp-content\/uploads\/2021\/10\/meghan-schiereck-_XFObcM_7KU-unsplash-2048x1365-1-thegem-blog-justified.jpg 1x, https:\/\/comenzardenuevo.org\/edgi\/wp-content\/uploads\/2021\/10\/meghan-schiereck-_XFObcM_7KU-unsplash-2048x1365-1-thegem-blog-justified.jpg 2x\" media=\"(max-width: 992px)\" sizes=\"100vw\"> <source srcset=\"https:\/\/comenzardenuevo.org\/edgi\/wp-content\/uploads\/2021\/10\/meghan-schiereck-_XFObcM_7KU-unsplash-2048x1365-1-thegem-blog-justified-3x-small.jpg 1x, https:\/\/comenzardenuevo.org\/edgi\/wp-content\/uploads\/2021\/10\/meghan-schiereck-_XFObcM_7KU-unsplash-2048x1365-1-thegem-blog-justified.jpg 2x\" media=\"(max-width: 1100px)\" sizes=\"100vw\"> <source srcset=\"https:\/\/comenzardenuevo.org\/edgi\/wp-content\/uploads\/2021\/10\/meghan-schiereck-_XFObcM_7KU-unsplash-2048x1365-1-thegem-blog-justified-3x.jpg 1x, https:\/\/comenzardenuevo.org\/edgi\/wp-content\/uploads\/2021\/10\/meghan-schiereck-_XFObcM_7KU-unsplash-2048x1365-1-thegem-blog-justified.jpg 2x\" media=\"(max-width: 1920px)\" sizes=\"100vw\"> <img decoding=\"async\" src=\"https:\/\/comenzardenuevo.org\/edgi\/wp-content\/uploads\/2021\/10\/meghan-schiereck-_XFObcM_7KU-unsplash-2048x1365-1-thegem-blog-justified.jpg\" width=\"640\" height=\"480\" class=\"img-responsive\" alt=\"meghan-schiereck-_XFObcM_7KU-unsplash-2048x1365\" \/> <\/picture> <\/a><\/div><\/div> <div class=\"description\"> <div class=\"post-meta-conteiner\"> <div class=\"post-meta-right\"> <span class=\"comments-link\"><a href=\"https:\/\/comenzardenuevo.org\/edgi\/2021\/10\/26\/historia-de-claudia\/#respond\">0<\/a><\/span> <span class=\"post-meta-likes\"><a href=\"#\" class=\"zilla-likes\" id=\"zilla-likes-166\" title=\"Like this\"><span class=\"zilla-likes-count\">0<\/span> <span class=\"zilla-likes-postfix\"><\/span><\/a><\/span> <\/div> <\/div> <div class=\"post-title\"> <div class=\"entry-title title-h4\"><a href=\"https:\/\/comenzardenuevo.org\/edgi\/2021\/10\/26\/historia-de-claudia\/\" rel=\"bookmark\">26 Oct: <span class=\"light\">Historia de Claudia<\/span><\/a><\/div> <\/div> <div class=\"post-text\" style=\"color: #d1d1d1\"> <div class=\"summary\"> <p>[vc_row][vc_column][vc_column_text] Claudia Todo comenz\u00f3 como un juego, no ten\u00eda idea de lo que estaba a punto de comenzar. Tampoco sab\u00eda&#8230;<\/p> <\/div> <\/div> <div class=\"info clearfix\"> <div class=\"post-footer-sharing\"><div class=\"gem-button-container gem-button-position-inline thegem-button-69d98934878445548\" ><a class=\"gem-button gem-button-size-tiny gem-button-style-flat gem-button-text-weight-normal gem-button-empty\"data-ll-effect=\"drop-right-without-wrap\" style=\"border-radius: 3px;\" onmouseleave=\"\" onmouseenter=\"\" href=\"#\" target=\"_self\"><i class=\"gem-print-icon gem-icon-pack-thegem-icons gem-icon-share \"><\/i><\/a><\/div> <div class=\"sharing-popup\"> <div class=\"socials-sharing socials socials-colored-hover\"> <a class=\"socials-item\" target=\"_blank\" href=\"https:\/\/www.facebook.com\/sharer\/sharer.php?u=https%3A%2F%2Fcomenzardenuevo.org%2Fedgi%2F2021%2F10%2F26%2Fhistoria-de-claudia%2F\" title=\"Facebook\"><i class=\"socials-item-icon facebook\"><\/i><\/a> <a class=\"socials-item\" target=\"_blank\" href=\"https:\/\/twitter.com\/intent\/tweet?text=Historia+de+Claudia&#038;url=https%3A%2F%2Fcomenzardenuevo.org%2Fedgi%2F2021%2F10%2F26%2Fhistoria-de-claudia%2F\" title=\"Twitter\"><i class=\"socials-item-icon twitter\"><\/i><\/a> <a class=\"socials-item\" target=\"_blank\" href=\"https:\/\/pinterest.com\/pin\/create\/button\/?url=https%3A%2F%2Fcomenzardenuevo.org%2Fedgi%2F2021%2F10%2F26%2Fhistoria-de-claudia%2F&#038;description=Historia+de+Claudia&#038;media=https%3A%2F%2Fcomenzardenuevo.org%2Fedgi%2Fwp-content%2Fuploads%2F2021%2F10%2Fmeghan-schiereck-_XFObcM_7KU-unsplash-2048x1365-1-thegem-blog-timeline-large.jpg\" title=\"Pinterest\"><i class=\"socials-item-icon pinterest\"><\/i><\/a> <a class=\"socials-item\" target=\"_blank\" href=\"http:\/\/tumblr.com\/widgets\/share\/tool?canonicalUrl=https%3A%2F%2Fcomenzardenuevo.org%2Fedgi%2F2021%2F10%2F26%2Fhistoria-de-claudia%2F\" title=\"Tumblr\"><i class=\"socials-item-icon tumblr\"><\/i><\/a> <a class=\"socials-item\" target=\"_blank\" href=\"https:\/\/www.linkedin.com\/shareArticle?mini=true&#038;url=https%3A%2F%2Fcomenzardenuevo.org%2Fedgi%2F2021%2F10%2F26%2Fhistoria-de-claudia%2F&#038;title=Historia+de+Claudia&amp;summary=%5Bvc_row%5D%5Bvc_column%5D%5Bvc_column_text%5D+Claudia+Todo+comenz%C3%B3+como+un+juego%2C+no+ten%C3%ADa+idea+de+lo+que+estaba+a+punto+de+comenzar.+Tampoco+sab%C3%ADa...\" title=\"LinkedIn\"><i class=\"socials-item-icon linkedin\"><\/i><\/a> <a class=\"socials-item\" target=\"_blank\" href=\"https:\/\/www.reddit.com\/submit?url=https%3A%2F%2Fcomenzardenuevo.org%2Fedgi%2F2021%2F10%2F26%2Fhistoria-de-claudia%2F&#038;title=Historia+de+Claudia\" title=\"Reddit\"><i class=\"socials-item-icon reddit\"><\/i><\/a> <\/div> <svg class=\"sharing-styled-arrow\"><use xlink:href=\"https:\/\/comenzardenuevo.org\/edgi\/wp-content\/themes\/thegem\/css\/post-arrow.svg#dec-post-arrow\"><\/use><\/svg><\/div><\/div> <div class=\"post-read-more\"><div class=\"gem-button-container gem-button-position-inline thegem-button-69d9893487d1f9527\" ><a class=\"gem-button gem-button-size-tiny gem-button-style-outline gem-button-text-weight-normal gem-button-border-2\"data-ll-effect=\"drop-right-without-wrap\" style=\"border-radius: 3px;\" onmouseleave=\"\" onmouseenter=\"\" href=\"https:\/\/comenzardenuevo.org\/edgi\/2021\/10\/26\/historia-de-claudia\/\" target=\"_self\">Read More<\/a><\/div> <\/div> <\/div> <\/div> <\/div>\n<\/article>\n<\/div>[\/vc_column][\/vc_row]<\/p>\n","protected":false},"excerpt":{"rendered":"<p>[vc_row][vc_column][\/vc_column][\/vc_row]<\/p>\n","protected":false},"author":1,"featured_media":0,"parent":0,"menu_order":0,"comment_status":"closed","ping_status":"closed","template":"","meta":{"footnotes":""},"class_list":["post-174","page","type-page","status-publish"],"_links":{"self":[{"href":"https:\/\/comenzardenuevo.org\/edgi\/wp-json\/wp\/v2\/pages\/174","targetHints":{"allow":["GET"]}}],"collection":[{"href":"https:\/\/comenzardenuevo.org\/edgi\/wp-json\/wp\/v2\/pages"}],"about":[{"href":"https:\/\/comenzardenuevo.org\/edgi\/wp-json\/wp\/v2\/types\/page"}],"author":[{"embeddable":true,"href":"https:\/\/comenzardenuevo.org\/edgi\/wp-json\/wp\/v2\/users\/1"}],"replies":[{"embeddable":true,"href":"https:\/\/comenzardenuevo.org\/edgi\/wp-json\/wp\/v2\/comments?post=174"}],"version-history":[{"count":9,"href":"https:\/\/comenzardenuevo.org\/edgi\/wp-json\/wp\/v2\/pages\/174\/revisions"}],"predecessor-version":[{"id":184,"href":"https:\/\/comenzardenuevo.org\/edgi\/wp-json\/wp\/v2\/pages\/174\/revisions\/184"}],"wp:attachment":[{"href":"https:\/\/comenzardenuevo.org\/edgi\/wp-json\/wp\/v2\/media?parent=174"}],"curies":[{"name":"wp","href":"https:\/\/api.w.org\/{rel}","templated":true}]}}