{"id":148,"date":"2021-10-25T23:19:52","date_gmt":"2021-10-25T23:19:52","guid":{"rendered":"https:\/\/rayuela.mx\/edgi\/?page_id=148"},"modified":"2022-03-09T22:42:48","modified_gmt":"2022-03-09T22:42:48","slug":"trastornos-alimenticios-recursos","status":"publish","type":"page","link":"https:\/\/comenzardenuevo.org\/edgi\/trastornos-alimenticios-recursos\/","title":{"rendered":"Trastornos Alimenticios (Recursos)"},"content":{"rendered":"<p>[vc_row css=&#8221;.vc_custom_1635204662289{background-color: 7a5685 !important;}&#8221;][vc_column][vc_column_text]Si desea obtener m\u00e1s informaci\u00f3n sobre los Trastornos de la Conducta Alimentaria o las opciones de tratamiento, los siguientes recursos son un excelente lugar para comenzar.[\/vc_column_text][vc_toggle title=&#8221;Instituto Nacional de Salud Mental de Estados Unidos&#8221;]Reconocido durante mucho tiempo como una fuente de referencia para todo lo relacionado con la salud mental, el Instituto Nacional de Salud Mental , por sus siglas en ingl\u00e9s, <a href=\"https:\/\/www.nimh.nih.gov\/health\/topics\/espanol\" target=\"_blank\" rel=\"noopener\">NIMH<\/a> ofrece una amplia variedad de informaci\u00f3n y servicios para quienes los necesitan. (liga: <a href=\"https:\/\/www.nimh.nih.gov\/health\/topics\/espanol\" target=\"_blank\" rel=\"noopener\">https:\/\/www.nimh.nih.gov\/health\/topics\/espanol<\/a>)[\/vc_toggle][vc_toggle title=&#8221;NEDA en espa\u00f1ol&#8221;]La Asociaci\u00f3n Nacional de Trastornos de la Alimentaci\u00f3n (<a href=\"https:\/\/www.nationaleatingdisorders.org\/neda-espanol\" target=\"_blank\" rel=\"noopener\">NEDA<\/a>) es la organizaci\u00f3n sin fines de lucro m\u00e1s grande dedicada a apoyar a las personas y familias afectadas por trastornos de la alimentaci\u00f3n. <a href=\"https:\/\/www.nationaleatingdisorders.org\/neda-espanol\" target=\"_blank\" rel=\"noopener\">NEDA<\/a> apoya a las personas y familias afectadas por trastornos alimentarios y act\u00faa como catalizador para la prevenci\u00f3n, las curas y el acceso a una atenci\u00f3n de calidad. (liga: <a href=\"https:\/\/www.nationaleatingdisorders.org\/neda-espanol\" target=\"_blank\" rel=\"noopener\">https:\/\/www.nationaleatingdisorders.org\/neda-espanol<\/a>)[\/vc_toggle][vc_toggle title=&#8221;Familias empoderadas apoyando el tratamiento de los TCA&#8221;]Families Empowered and Supporting Treatment of Eating Disorders (<a href=\"https:\/\/www.feast-ed.org\/\" target=\"_blank\" rel=\"noopener\">FEAST<\/a>) es una organizaci\u00f3n internacional de y para padres y\/o cuidadores que ayudan a sus seres queridos a recuperarse de los trastornos alimentarios al proporcionar informaci\u00f3n y apoyo mutuo, promover el tratamiento basado en la evidencia y abogar por la investigaci\u00f3n y la educaci\u00f3n para reducir el sufrimiento asociado con los trastornos alimentarios. (liga: <a href=\"https:\/\/www.feast-ed.org\/\" target=\"_blank\" rel=\"noopener\">https:\/\/www.feast-ed.org\/<\/a>)[\/vc_toggle][vc_toggle title=&#8221;Academy of Eating Disorders&#8221;]La Academy for Eating Disorders (<a href=\"https:\/\/www.aedweb.org\/home\" target=\"_blank\" rel=\"noopener\">AED<\/a>) es una organizaci\u00f3n profesional global y multidisciplinaria que ofrece formaci\u00f3n y educaci\u00f3n a profesionales de vanguardia; inspira nuevos desarrollos en la investigaci\u00f3n, la prevenci\u00f3n y los tratamientos cl\u00ednicos de los trastornos alimentarios; y es la fuente internacional de informaci\u00f3n innovadora dentro del campo de trastornos alimentarios. (liga: <a href=\"https:\/\/www.aedweb.org\/home\" target=\"_blank\" rel=\"noopener\">https:\/\/www.aedweb.org\/home<\/a>)[\/vc_toggle][\/vc_column][\/vc_row]<\/p>\n","protected":false},"excerpt":{"rendered":"<p>[vc_row css=&#8221;.vc_custom_1635204662289{background-color: 7a5685 !important;}&#8221;][vc_column][vc_column_text]Si desea obtener m\u00e1s informaci\u00f3n sobre los Trastornos de la Conducta Alimentaria o las opciones de tratamiento,&#8230;<\/p>\n","protected":false},"author":1,"featured_media":0,"parent":0,"menu_order":0,"comment_status":"closed","ping_status":"closed","template":"","meta":{"footnotes":""},"class_list":["post-148","page","type-page","status-publish"],"_links":{"self":[{"href":"https:\/\/comenzardenuevo.org\/edgi\/wp-json\/wp\/v2\/pages\/148","targetHints":{"allow":["GET"]}}],"collection":[{"href":"https:\/\/comenzardenuevo.org\/edgi\/wp-json\/wp\/v2\/pages"}],"about":[{"href":"https:\/\/comenzardenuevo.org\/edgi\/wp-json\/wp\/v2\/types\/page"}],"author":[{"embeddable":true,"href":"https:\/\/comenzardenuevo.org\/edgi\/wp-json\/wp\/v2\/users\/1"}],"replies":[{"embeddable":true,"href":"https:\/\/comenzardenuevo.org\/edgi\/wp-json\/wp\/v2\/comments?post=148"}],"version-history":[{"count":11,"href":"https:\/\/comenzardenuevo.org\/edgi\/wp-json\/wp\/v2\/pages\/148\/revisions"}],"predecessor-version":[{"id":267,"href":"https:\/\/comenzardenuevo.org\/edgi\/wp-json\/wp\/v2\/pages\/148\/revisions\/267"}],"wp:attachment":[{"href":"https:\/\/comenzardenuevo.org\/edgi\/wp-json\/wp\/v2\/media?parent=148"}],"curies":[{"name":"wp","href":"https:\/\/api.w.org\/{rel}","templated":true}]}}