{"id":109,"date":"2021-10-25T17:35:51","date_gmt":"2021-10-25T17:35:51","guid":{"rendered":"https:\/\/rayuela.mx\/edgi\/?page_id=109"},"modified":"2024-07-26T21:32:23","modified_gmt":"2024-07-26T21:32:23","slug":"nuestro-equipo","status":"publish","type":"page","link":"https:\/\/comenzardenuevo.org\/edgi\/nuestro-equipo\/","title":{"rendered":"Nuestro equipo"},"content":{"rendered":"<div>[vc_row]<\/div>\n<div>[vc_column width=&#8221;2\/3&#8243;]<\/div>\n<div>[vc_custom_heading text=&#8221;Dra. Cynthia Bulik&#8221; font_container=&#8221;tag:h4|text_align:left&#8221; google_fonts=&#8221;font_family:Montserrat%3Aregular%2C700|font_style:700%20bold%20regular%3A700%3Anormal&#8221;]<\/div>\n<div>[vc_column_text]<\/div>\n<div>La investigadora principal del proyecto EDGI es la Dra. Cynthia Bulik, profesora distinguida de trastornos alimentarios y directora fundadora del Centro de excelencia para trastornos alimentarios de la Universidad de Carolina del Norte. El proyecto EDGI en M\u00e9xico est\u00e1 dirigido por la Dra Eva Mar\u00eda Trujillo Chi Vacu\u00e1n, Directora y cofundadora de Comenzar de Nuevo A.C.<\/div>\n<div><\/div>\n<div>La Dra. Cynthia M. Bulik es la investigadora principal de EDGI. Es profesora distinguida de Trastornos Alimentarios y directora fundadora del Centro de Excelencia para Trastornos Alimentarios de la Universidad de Carolina del Norte, y profesora del Karolinska Institutet en Estocolmo, Suecia.<\/div>\n<div><\/div>\n<div>La profesora Bulik, Psic\u00f3loga cl\u00ednica ha realizado investigaciones y ha tratado a personas con trastornos alimentarios desde 1982. La investigaci\u00f3n de la profesora Bulik incluye estudios de tratamiento, laboratorio, epidemiol\u00f3gicos, gemelos y gen\u00e9ticos moleculares de los trastornos alimentarios y la regulaci\u00f3n del peso corporal. Tiene colaboraciones de investigaci\u00f3n activas en m\u00e1s de 20 pa\u00edses en todo el mundo. El profesor Bulik ha recibido numerosos premios, incluido el premio de investigaci\u00f3n de la Coalici\u00f3n de trastornos de la alimentaci\u00f3n, el premio al liderazgo en investigaci\u00f3n de la Academia de trastornos de la alimentaci\u00f3n, el premio de investigaci\u00f3n de la Asociaci\u00f3n nacional de trastornos de la alimentaci\u00f3n de Price Family, el premio Meehan \/ Hartley de defensa de los trastornos de la alimentaci\u00f3n y el Premio a la trayectoria de la Asociaci\u00f3n Nacional de Trastornos de la Alimentaci\u00f3n. Ha publicado m\u00e1s de 500 art\u00edculos y cap\u00edtulos sobre trastornos alimentarios y es autora de siete libros.<\/div>\n<div><\/div>\n<div>\u201cHe dedicado mi carrera a descubrir c\u00f3mo los genes y el medio ambiente causan los trastornos alimentarios. EDGI es una oportunidad \u00fanica para acelerar ese trabajo para informar los esfuerzos personalizados de prevenci\u00f3n y tratamiento. En \u00faltima instancia, queremos mejorar la vida y eliminar la muerte en las personas con trastornos alimentarios \u201d, dijo la profesora Bulik.<\/div>\n<div>[\/vc_column_text]<\/div>\n<div>[\/vc_column]<\/div>\n<div>[vc_column width=&#8221;1\/3&#8243;]<\/div>\n<div>[vc_single_image image=&#8221;119&#8243; img_size=&#8221;380&#215;380&#8243;]<\/div>\n<div>[\/vc_column]<\/div>\n<div>[vc_column][\/vc_column]<\/div>\n<div>[vc_column_text][\/vc_column_text]<\/div>\n<div>[\/vc_row]<\/div>\n<div>[vc_row]<\/div>\n<div>[vc_column]<\/div>\n<div>[vc_separator color=&#8221;purple&#8221;]<\/div>\n<div>[\/vc_column]<\/div>\n<div>[vc_column][\/vc_column]<\/div>\n<div>[vc_column_text][\/vc_column_text]<\/div>\n<div>[\/vc_row]<\/div>\n<div>[vc_row]<\/div>\n<div>[vc_column width=&#8221;1\/3&#8243;]<\/div>\n<div>[vc_single_image image=&#8221;253&#8243; img_size=&#8221;380&#215;533&#8243;]<\/div>\n<div>[\/vc_column]<\/div>\n<div>[vc_column width=&#8221;2\/3&#8243;]<\/div>\n<div>[vc_custom_heading text=&#8221;Dra. Eva Mar\u00eda Trujillo Chi Vacu\u00e1n&#8221; font_container=&#8221;tag:h4|text_align:left&#8221; google_fonts=&#8221;font_family:Montserrat%20UltraLight%3Aregular|font_style:400%20regular%3A400%3Anormal&#8221;]<\/div>\n<div>[vc_column_text]<\/div>\n<div>Dra. Eva Mar\u00eda Trujillo Chi Vacu\u00e1n, FAED, CEDS, Fiaedp, FAAP, es egresada de la Escuela de Medicina y Ciencias de la Salud, Tec-Salud como M\u00e9dico Cirujano y Partero con Menci\u00f3n Honor\u00edfica y de la especialidad en Pediatr\u00eda con Menci\u00f3n Honor\u00edfica de Excelencia, estudios de especialidad en Medicina del Adolescente y Adulto Joven en el Boston Children \u0301s Hospital de la Universidad de Harvard y especialista en Trastornos de la Conducta Alimentaria (TCA).<\/div>\n<div><\/div>\n<div>Funge actualmente como Director Ejecutivo y coFundadora de la Fundaci\u00f3n y Centro Internacional de Tratamiento para Trastornos de la Conducta Alimentaria y Enfermedades Relacionadas Comenzar de Nuevo, A. C. Profesor Cl\u00ednico de Pediatr\u00eda de la Escuela de Medicina y Ciencias de la Salud, Tec- Salud. Headmaster Trainer del Body Image Program (BIP) by Body Project. ExConsultor internacional para ACUTE Center for Eating Disorders. ExPresidente de la Academy for Eating Disorders (AED) la asociaci\u00f3n mundial con miembros de 61 pa\u00edses y de mayor prestigio acad\u00e9mico en el campo de los TCA, primera y \u00fanica latinoamericana con este nombramiento; ExPresidente del Cap\u00edtulo Hispano Latino Americano de la AED, ExPresidente de la Asociaci\u00f3n Mexicana de Trastornos Alimentarios, ExDirector Cap\u00edtulo Internacional de la International Association for Eating Disorders Professionals (iaedp), Vicepresidente del Colegio Mexicano de Profesionales en Trastornos Alimentarios. Fellow de la Academy for Eating Disorders (FAED).<\/div>\n<div><\/div>\n<div>Fellow de la International Association for Eating Disorders Professionals (Fiaedp). Especialista Certificado en TCA (CEDS). Fellow internacional de la American Academy of Pediatrics (FAAP). Autor de art\u00edculos revisados por pares, cap\u00edtulos de libros y libros en el campo de los TCA, adolescencia y obesidad. Revisor y miembro del consejo editorial de revistas especializadas en trastornos de la conducta alimentaria como el International Journal for Eating Disorders, la revista premier en el campo de los TCA. Miembro y\/o director de m\u00faltiples comit\u00e9s cient\u00edficos nacionales e internacionales para TCA. Ha dado m\u00e1s de 300 conferencias y talleres sobre estos temas alrededor del mundo.<\/div>\n<div><\/div>\n<div>Ha recibido numerosos premios y reconocimientos, incluyendo el Special Recognition Award for Dedicated Service to the Field of Eating Disorders otorgado por iaedp en 2014 y el reconocimiento de la Academy for Eating Disorders Leadership and Volunteer Recognition en 2018 por 10 a\u00f1os de servicio en el Consejo de Directores de la AED. Comenzar de Nuevo recibi\u00f3 el premio al Servicio P\u00fablico por la Academy for Eating Disorders en 2013.<\/div>\n<div><\/div>\n<div>LA DRA. SHANTAL ANID CORT\u00c9S MORALES Asistente de investigaci\u00f3n para EDGI, Titulada como M\u00e9dico interno, Cirujano General y Ginec\u00f3loga y Obstetra y Pediatra Hospital San Jos\u00e9 Tec Monterrey Centro M\u00e9dico Zambrano Heli\u00f3n.<\/div>\n<div>[\/vc_column_text]<\/div>\n<div>[\/vc_column]<\/div>\n<div>[\/vc_row]<\/div>\n<div>[vc_row]<\/div>\n<div>[vc_column]<\/div>\n<div>[vc_separator color=&#8221;purple&#8221;]<\/div>\n<div>[\/vc_column]<\/div>\n<div>[vc_column][\/vc_column]<\/div>\n<div>[vc_column_text][\/vc_column_text]<\/div>\n<div>[\/vc_row]<\/div>\n<div>[vc_row]<\/div>\n<div>[vc_column width=&#8221;2\/3&#8243;]<\/div>\n<div>[vc_custom_heading text=&#8221;Shantal Anid Cort\u00e9s Morales&#8221; font_container=&#8221;tag:h4|text_align:left&#8221; google_fonts=&#8221;font_family:Montserrat%3Aregular%2C700|font_style:700%20bold%20regular%3A700%3Anormal&#8221;]<\/div>\n<div>[vc_column_text]<\/div>\n<div>\u2022 Asistente \u2013 Departamento de Investigaci\u00f3n<\/div>\n<div>Asistente de Investigaci\u00f3n en Comenzar de Nuevo (Junio 2022-actual)<\/div>\n<div><\/div>\n<div>Trabajos de investigaci\u00f3n<\/div>\n<div>\u2022 \u201cTumor neuroectod\u00e9rmico primitivo paravertebral derecho a nivel toracolumbar metast\u00e1sico a pulm\u00f3n: reporte de un caso\u201d presentaci\u00f3n en el 3XXVII Congreso Internacional de Onco-Hematolog\u00eda Pedi\u00e1trica (AMOHP), junio 2022<\/div>\n<div>\u2022 \u201cPercepci\u00f3n de Hemat\u00f3logos y Onc\u00f3logos Pediatras sobre Evaluaci\u00f3n Nutricional, Evoluci\u00f3n Cl\u00ednica y Estrategias para disminuir la Obesidad en Ni\u00f1os y Adolescentes con Leucemia Linfobl\u00e1stica Aguda\u201d, tesis para obtener el grado de Especialidad en Pediatr\u00eda, noviembre 2021.<\/div>\n<div>\u2022 \u201cTumor neuroectod\u00e9rmico primitivo paravertebral derecho a nivel toracolumbar metast\u00e1sico a pulm\u00f3n: reporte de un caso\u201d presentaci\u00f3n en el 39 Congreso Nacional de Oncolog\u00eda (SMEO), octubre 2021.<\/div>\n<div>\u2022 \u201cUrine Specimen Collection: A Step Forward in Pediatric Office Practice\u201d 50 years ago in The Journal of Pediatrics (2019): https:\/\/doi.org\/10.1016\/j.jpeds.2019.12.029 Primer a\u00f1o del Internado Medicina Nacional<\/div>\n<div><\/div>\n<div>\u2022 Medicina Interna (Monterrey, NL) (Julio \u2013 Septiembre 2014)<\/div>\n<div>\u2022 Cirug\u00eda General (Monterrey, NL) (Septiembre \u2013 Diciembre 2014)<\/div>\n<div>\u2022 Ginecolog\u00eda y Obstetricia (Monterrey, NL) (Enero \u2013 Marzo 2015)<\/div>\n<div>\u2022 Pediatr\u00eda (Monterrey, NL) (Marzo \u2013 Junio 2015) o Hospital San Jos\u00e9 Tec de Monterrey \u2013 Centro M\u00e9dico Zambrano Hellion<\/div>\n<div>\u2022 Hospital Metropolitano \u201cBernardo Sep\u00falveda\u201d SSNL o Hospital Regional Materno Infantil Segundo A\u00f1o de Internado de<\/div>\n<div><\/div>\n<div>Medicina Nacional<\/div>\n<div>\u2022 Psiquiatr\u00eda, Neurolog\u00eda, Dermatolog\u00eda (M\u00e9xico, DF) (Enero \u2013 Marzo 2016) o Instituto Nacional de<\/div>\n<div>Ciencias M\u00e9dicas y Nutrici\u00f3n \u201cSalvador Zubir\u00e1n\u201d<\/div>\n<div>\u2022 Emergencias, Traumatolog\u00eda y Radiolog\u00eda (Monterrey, NL) (Marzo \u2013<\/div>\n<div>Junio 2016) o Hospital San Jos\u00e9 Tec de Monterrey \u2013 Centro M\u00e9dico Zambrano Hellion o Hospital Metropolitano \u201cBernardo<\/div>\n<div>Sep\u00falveda\u201d SSNL o Hospital Materno Infantil de Alta Especialidad<\/div>\n<div>\u2022 Infectolog\u00eda (M\u00e9xico, DF) (Noviembre-Diciembre 2016)<\/div>\n<div>\u2022 Instituto Nacional de Ciencias M\u00e9dicas y Nutrici\u00f3n \u201cSalvador Zubir\u00e1n\u201d<\/div>\n<div><\/div>\n<div>Internado de Medicina Internacional Porto Alegre, BRASIL<\/div>\n<div>\u2022 Cl\u00ednica m\u00e9dica (Julio 2016)<\/div>\n<div>\u2022 Cirug\u00eda (Agosto 2016) Pediatr\u00eda (Septiembre 2016) o Hospital S\u00e3o Lucas PUCRS Florencia, ITALIA<\/div>\n<div>\u2022 Reumatolog\u00eda pedi\u00e1trica (Octubre-Noviembre 2016) o Azienda Ospedaliero-Universitaria Meyer Servicio Social de Medicina 1 de Febrero 2017- 31 de Enero 2018<\/div>\n<div>\u2022 Centro de Salud Rural General Zuazua (General Zuazua, NL) Residencia de Pediatr\u00eda<\/div>\n<div>\u2022 Hospital Regional Materno Infantil (Guadalupe, NL)<\/div>\n<div>\u2022 Hospital Metropolitano \u201cDr. Bernardo Sep\u00falveda\u201d (San Nicol\u00e1s de los Garza, NL)<\/div>\n<div>\u2022 Centro M\u00e9dico Zambrano Hellion (San Pedro Garza Garc\u00eda, NL)<\/div>\n<div>\u2022 Hospital San Jos\u00e9 del Tecnol\u00f3gico de Monterrey (San Pedro Garza Garc\u00eda, NL)<\/div>\n<div>\u2022 CAM San Gilberto (Santa Catarina, NL)<\/div>\n<div>[\/vc_column_text]<\/div>\n<div>[\/vc_column]<\/div>\n<div>[vc_column width=&#8221;1\/3&#8243;]<\/div>\n<div>[vc_single_image image=&#8221;270&#8243; img_size=&#8221;380&#215;380&#8243;]<\/div>\n<div>[\/vc_column]<\/div>\n<div>[vc_column][\/vc_column]<\/div>\n<div>[vc_column_text][\/vc_column_text]<\/div>\n<div>[\/vc_row]<\/div>\n","protected":false},"excerpt":{"rendered":"<p>[vc_row] [vc_column width=&#8221;2\/3&#8243;] [vc_custom_heading text=&#8221;Dra. Cynthia Bulik&#8221; font_container=&#8221;tag:h4|text_align:left&#8221; google_fonts=&#8221;font_family:Montserrat%3Aregular%2C700|font_style:700%20bold%20regular%3A700%3Anormal&#8221;] [vc_column_text] La investigadora principal del proyecto EDGI es la Dra. Cynthia&#8230;<\/p>\n","protected":false},"author":1,"featured_media":0,"parent":0,"menu_order":0,"comment_status":"closed","ping_status":"closed","template":"","meta":{"footnotes":""},"class_list":["post-109","page","type-page","status-publish"],"_links":{"self":[{"href":"https:\/\/comenzardenuevo.org\/edgi\/wp-json\/wp\/v2\/pages\/109","targetHints":{"allow":["GET"]}}],"collection":[{"href":"https:\/\/comenzardenuevo.org\/edgi\/wp-json\/wp\/v2\/pages"}],"about":[{"href":"https:\/\/comenzardenuevo.org\/edgi\/wp-json\/wp\/v2\/types\/page"}],"author":[{"embeddable":true,"href":"https:\/\/comenzardenuevo.org\/edgi\/wp-json\/wp\/v2\/users\/1"}],"replies":[{"embeddable":true,"href":"https:\/\/comenzardenuevo.org\/edgi\/wp-json\/wp\/v2\/comments?post=109"}],"version-history":[{"count":27,"href":"https:\/\/comenzardenuevo.org\/edgi\/wp-json\/wp\/v2\/pages\/109\/revisions"}],"predecessor-version":[{"id":291,"href":"https:\/\/comenzardenuevo.org\/edgi\/wp-json\/wp\/v2\/pages\/109\/revisions\/291"}],"wp:attachment":[{"href":"https:\/\/comenzardenuevo.org\/edgi\/wp-json\/wp\/v2\/media?parent=109"}],"curies":[{"name":"wp","href":"https:\/\/api.w.org\/{rel}","templated":true}]}}