{"id":102,"date":"2021-10-25T17:15:22","date_gmt":"2021-10-25T17:15:22","guid":{"rendered":"https:\/\/rayuela.mx\/edgi\/?page_id=102"},"modified":"2022-03-09T22:38:10","modified_gmt":"2022-03-09T22:38:10","slug":"como-se-planea-investigar","status":"publish","type":"page","link":"https:\/\/comenzardenuevo.org\/edgi\/como-se-planea-investigar\/","title":{"rendered":"\u00bfC\u00f3mo planeamos investigar?"},"content":{"rendered":"<p>[vc_row css=&#8221;.vc_custom_1635182921096{padding-top: 50px !important;}&#8221;][vc_column][vc_custom_heading text=&#8221;\u00bfC\u00f3mo planeamos investigar el componente gen\u00e9tico de los trastornos de la conducta alimentaria?&#8221; font_container=&#8221;tag:h2|text_align:center|line_height:1.3&#8243; google_fonts=&#8221;font_family:Montserrat%3Aregular%2C700|font_style:700%20bold%20regular%3A700%3Anormal&#8221;][\/vc_column][\/vc_row][vc_row][vc_column width=&#8221;1\/2&#8243;][vc_custom_heading text=&#8221;Descifrando el c\u00f3digo gen\u00e9tico&#8221; font_container=&#8221;tag:h4|text_align:left&#8221; google_fonts=&#8221;font_family:Montserrat%3Aregular%2C700|font_style:700%20bold%20regular%3A700%3Anormal&#8221;][vc_column_text]Conocer el c\u00f3digo gen\u00e9tico permitir\u00e1, de una nueva manera, poder desarrollar efectivo sobre la prevenci\u00f3n y tratamiento personalizado que se centrados en la biolog\u00eda subyacente de los Trastornos de la Conducta Alimentaria (TCA).<\/p>\n<p>Los investigadores del estudio analizar\u00e1n el ADN de las muestras de saliva para encontrar genes espec\u00edficos asociados con los TCA.<\/p>\n<p>Antes de que comience el an\u00e1lisis, se extraer\u00e1 el ADN de la muestra de saliva para estudiarlo y hacer una lectura del c\u00f3digo gen\u00e9tico de cada uno de los participantes del estudio.<\/p>\n<p>El proceso de an\u00e1lisis, conocido como estudio de asociaci\u00f3n del genoma completo, por sus siglas en ingl\u00e9s, GWAS. Implica comparar los genotipos de las personas que tiene o tuvieron un TCA con los genotipos de quienes no han tenido alguno.[\/vc_column_text][\/vc_column][vc_column width=&#8221;1\/2&#8243;][vc_single_image image=&#8221;104&#8243; img_size=&#8221;507&#215;507&#8243;][\/vc_column][\/vc_row]<\/p>\n","protected":false},"excerpt":{"rendered":"<p>[vc_row css=&#8221;.vc_custom_1635182921096{padding-top: 50px !important;}&#8221;][vc_column][vc_custom_heading text=&#8221;\u00bfC\u00f3mo planeamos investigar el componente gen\u00e9tico de los trastornos de la conducta alimentaria?&#8221; font_container=&#8221;tag:h2|text_align:center|line_height:1.3&#8243; google_fonts=&#8221;font_family:Montserrat%3Aregular%2C700|font_style:700%20bold%20regular%3A700%3Anormal&#8221;][\/vc_column][\/vc_row][vc_row][vc_column width=&#8221;1\/2&#8243;][vc_custom_heading&#8230;<\/p>\n","protected":false},"author":1,"featured_media":0,"parent":0,"menu_order":0,"comment_status":"closed","ping_status":"closed","template":"","meta":{"footnotes":""},"class_list":["post-102","page","type-page","status-publish"],"_links":{"self":[{"href":"https:\/\/comenzardenuevo.org\/edgi\/wp-json\/wp\/v2\/pages\/102","targetHints":{"allow":["GET"]}}],"collection":[{"href":"https:\/\/comenzardenuevo.org\/edgi\/wp-json\/wp\/v2\/pages"}],"about":[{"href":"https:\/\/comenzardenuevo.org\/edgi\/wp-json\/wp\/v2\/types\/page"}],"author":[{"embeddable":true,"href":"https:\/\/comenzardenuevo.org\/edgi\/wp-json\/wp\/v2\/users\/1"}],"replies":[{"embeddable":true,"href":"https:\/\/comenzardenuevo.org\/edgi\/wp-json\/wp\/v2\/comments?post=102"}],"version-history":[{"count":10,"href":"https:\/\/comenzardenuevo.org\/edgi\/wp-json\/wp\/v2\/pages\/102\/revisions"}],"predecessor-version":[{"id":247,"href":"https:\/\/comenzardenuevo.org\/edgi\/wp-json\/wp\/v2\/pages\/102\/revisions\/247"}],"wp:attachment":[{"href":"https:\/\/comenzardenuevo.org\/edgi\/wp-json\/wp\/v2\/media?parent=102"}],"curies":[{"name":"wp","href":"https:\/\/api.w.org\/{rel}","templated":true}]}}